{"id":2331,"date":"2026-02-03T20:13:19","date_gmt":"2026-02-03T12:13:19","guid":{"rendered":"https:\/\/tluckyoralcare.com\/?post_type=product&#038;p=2331"},"modified":"2026-03-11T22:29:28","modified_gmt":"2026-03-11T14:29:28","slug":"f001-portable-water-flosser","status":"publish","type":"product","link":"https:\/\/tluckyoralcare.com\/es\/producto\/f001-portable-water-flosser\/","title":{"rendered":"F001 Limpiador de Agua Port\u00e1til"},"content":{"rendered":"<p><strong>Specifications \/ Parameters<\/strong><\/p>\n<p>Model: F001<\/p>\n<p>Material: PC + ABS<\/p>\n<p>Water Tank Capacity: 350ml<\/p>\n<p>Water Pressure: 50\u2013120 PSI<\/p>\n<p>Waterproof Rating: IPX7<\/p>\n<p>Pulse Frequency: 1600 pulses\/min<\/p>\n<p>Charging Port: Type-C<\/p>\n<p>Noise Level: \u226475dB (at maximum mode)<\/p>\n<p>Charging Time: Approx. 4 hours<\/p>\n<p>Modes: Soft \/ Standard \/ Pulse \/ DIY<\/p>\n<p>Rated Voltage \/ Power: 5V \/ 7W<\/p>\n<p>Battery: 1800mAh \/ 3.7V<\/p>\n<p>Battery Life: \u226560 days (based on 2 minutes per use)<\/p>\n<p>Product + Package Weight: 310g<\/p>\n<p>Nozzle Configuration: Standard Nozzle \u00d71 + Orthodontic Nozzle \u00d71 + Tongue Scraper Nozzle \u00d71<\/p>\n<p>Product Dimensions: 225 \u00d7 70 \u00d7 70 mm (excluding nozzle height)<\/p>\n<p>Net Weight: 300g \u00b15g<\/p>\n<p>Gift Box Size: 250 \u00d7 110 \u00d7 95 mm<\/p>\n<p>Carton Size: 550 \u00d7 300 \u00d7 260 mm<\/p>\n<p>Quantity per Carton: 15 pcs\/carton<\/p>\n<p>Certifications: FCC \/ CE \/ RoHS \/ IPX7 \/ KC + Design Patent<\/p>\n<p><img fetchpriority=\"high\" decoding=\"async\" class=\"alignnone size-full wp-image-2568\" src=\"https:\/\/tluckyoralcare.com\/wp-content\/uploads\/2026\/02\/sh-f001-handheld-water-flosser-202602267.jpg\" alt=\"Sh F001 Handheld Water Flosser\" width=\"1080\" height=\"443\" srcset=\"https:\/\/tluckyoralcare.com\/wp-content\/uploads\/2026\/02\/sh-f001-handheld-water-flosser-202602267.jpg 1080w, https:\/\/tluckyoralcare.com\/wp-content\/uploads\/2026\/02\/sh-f001-handheld-water-flosser-202602267-600x246.jpg 600w, https:\/\/tluckyoralcare.com\/wp-content\/uploads\/2026\/02\/sh-f001-handheld-water-flosser-202602267-300x123.jpg 300w, https:\/\/tluckyoralcare.com\/wp-content\/uploads\/2026\/02\/sh-f001-handheld-water-flosser-202602267-1024x420.jpg 1024w, https:\/\/tluckyoralcare.com\/wp-content\/uploads\/2026\/02\/sh-f001-handheld-water-flosser-202602267-768x315.jpg 768w, https:\/\/tluckyoralcare.com\/wp-content\/uploads\/2026\/02\/sh-f001-handheld-water-flosser-202602267-18x7.jpg 18w\" sizes=\"(max-width: 1080px) 100vw, 1080px\" \/><\/p>\n<p><img decoding=\"async\" class=\"alignnone size-full wp-image-2567\" src=\"https:\/\/tluckyoralcare.com\/wp-content\/uploads\/2026\/02\/sh-f001-handheld-water-flosser-2026022610.jpg\" alt=\"Sh F001 Handheld Water Flosser\" width=\"1080\" height=\"443\" srcset=\"https:\/\/tluckyoralcare.com\/wp-content\/uploads\/2026\/02\/sh-f001-handheld-water-flosser-2026022610.jpg 1080w, https:\/\/tluckyoralcare.com\/wp-content\/uploads\/2026\/02\/sh-f001-handheld-water-flosser-2026022610-600x246.jpg 600w, https:\/\/tluckyoralcare.com\/wp-content\/uploads\/2026\/02\/sh-f001-handheld-water-flosser-2026022610-300x123.jpg 300w, https:\/\/tluckyoralcare.com\/wp-content\/uploads\/2026\/02\/sh-f001-handheld-water-flosser-2026022610-1024x420.jpg 1024w, https:\/\/tluckyoralcare.com\/wp-content\/uploads\/2026\/02\/sh-f001-handheld-water-flosser-2026022610-768x315.jpg 768w, https:\/\/tluckyoralcare.com\/wp-content\/uploads\/2026\/02\/sh-f001-handheld-water-flosser-2026022610-18x7.jpg 18w\" sizes=\"(max-width: 1080px) 100vw, 1080px\" \/><\/p>\n<p><img decoding=\"async\" class=\"alignnone size-full wp-image-2566\" src=\"https:\/\/tluckyoralcare.com\/wp-content\/uploads\/2026\/02\/sh-f001-handheld-water-flosser-202602269.jpg\" alt=\"Sh F001 Handheld Water Flosser\" width=\"1080\" height=\"443\" srcset=\"https:\/\/tluckyoralcare.com\/wp-content\/uploads\/2026\/02\/sh-f001-handheld-water-flosser-202602269.jpg 1080w, https:\/\/tluckyoralcare.com\/wp-content\/uploads\/2026\/02\/sh-f001-handheld-water-flosser-202602269-600x246.jpg 600w, https:\/\/tluckyoralcare.com\/wp-content\/uploads\/2026\/02\/sh-f001-handheld-water-flosser-202602269-300x123.jpg 300w, https:\/\/tluckyoralcare.com\/wp-content\/uploads\/2026\/02\/sh-f001-handheld-water-flosser-202602269-1024x420.jpg 1024w, https:\/\/tluckyoralcare.com\/wp-content\/uploads\/2026\/02\/sh-f001-handheld-water-flosser-202602269-768x315.jpg 768w, https:\/\/tluckyoralcare.com\/wp-content\/uploads\/2026\/02\/sh-f001-handheld-water-flosser-202602269-18x7.jpg 18w\" sizes=\"(max-width: 1080px) 100vw, 1080px\" \/><\/p>\n<p><img loading=\"lazy\" decoding=\"async\" class=\"alignnone size-full wp-image-2565\" src=\"https:\/\/tluckyoralcare.com\/wp-content\/uploads\/2026\/02\/sh-f001-handheld-water-flosser-202602268.jpg\" alt=\"Sh F001 Handheld Water Flosser\" width=\"1080\" height=\"443\" srcset=\"https:\/\/tluckyoralcare.com\/wp-content\/uploads\/2026\/02\/sh-f001-handheld-water-flosser-202602268.jpg 1080w, https:\/\/tluckyoralcare.com\/wp-content\/uploads\/2026\/02\/sh-f001-handheld-water-flosser-202602268-600x246.jpg 600w, https:\/\/tluckyoralcare.com\/wp-content\/uploads\/2026\/02\/sh-f001-handheld-water-flosser-202602268-300x123.jpg 300w, https:\/\/tluckyoralcare.com\/wp-content\/uploads\/2026\/02\/sh-f001-handheld-water-flosser-202602268-1024x420.jpg 1024w, https:\/\/tluckyoralcare.com\/wp-content\/uploads\/2026\/02\/sh-f001-handheld-water-flosser-202602268-768x315.jpg 768w, https:\/\/tluckyoralcare.com\/wp-content\/uploads\/2026\/02\/sh-f001-handheld-water-flosser-202602268-18x7.jpg 18w\" sizes=\"(max-width: 1080px) 100vw, 1080px\" \/><\/p>","protected":false},"excerpt":{"rendered":"<ul>\n<li>Self-developed water pump and structure (patented technology), leak-proof, energy-saving and longer-lasting.<\/li>\n<li>120-second automatic shut-off, anti-dry-burning safety design. Memory function automatically records and retains the last used mode.<\/li>\n<li>IPX7 waterproof design, noise level \u226475dB (maximum setting).<\/li>\n<li>Multiple modes: Soft\/Strong\/Pulse\/DIY; 350ml large water tank for easy cleaning, 360-degree rotation for thorough teeth cleaning.<\/li>\n<li>Colors\/Packaging\/Logo\/Designs can be customized.<\/li>\n<\/ul>","protected":false},"featured_media":2553,"comment_status":"open","ping_status":"closed","template":"","meta":{"site-sidebar-layout":"default","site-content-layout":"","ast-site-content-layout":"default","site-content-style":"default","site-sidebar-style":"default","ast-global-header-display":"","ast-banner-title-visibility":"","ast-main-header-display":"","ast-hfb-above-header-display":"","ast-hfb-below-header-display":"","ast-hfb-mobile-header-display":"","site-post-title":"","ast-breadcrumbs-content":"","ast-featured-img":"","footer-sml-layout":"","ast-disable-related-posts":"","theme-transparent-header-meta":"default","adv-header-id-meta":"","stick-header-meta":"","header-above-stick-meta":"","header-main-stick-meta":"","header-below-stick-meta":"","astra-migrate-meta-layouts":"set","ast-page-background-enabled":"default","ast-page-background-meta":{"desktop":{"background-color":"","background-image":"","background-repeat":"repeat","background-position":"center center","background-size":"auto","background-attachment":"scroll","background-type":"","background-media":"","overlay-type":"","overlay-color":"","overlay-opacity":"","overlay-gradient":""},"tablet":{"background-color":"","background-image":"","background-repeat":"repeat","background-position":"center center","background-size":"auto","background-attachment":"scroll","background-type":"","background-media":"","overlay-type":"","overlay-color":"","overlay-opacity":"","overlay-gradient":""},"mobile":{"background-color":"","background-image":"","background-repeat":"repeat","background-position":"center center","background-size":"auto","background-attachment":"scroll","background-type":"","background-media":"","overlay-type":"","overlay-color":"","overlay-opacity":"","overlay-gradient":""}},"ast-content-background-meta":{"desktop":{"background-color":"var(--ast-global-color-5)","background-image":"","background-repeat":"repeat","background-position":"center center","background-size":"auto","background-attachment":"scroll","background-type":"","background-media":"","overlay-type":"","overlay-color":"","overlay-opacity":"","overlay-gradient":""},"tablet":{"background-color":"var(--ast-global-color-5)","background-image":"","background-repeat":"repeat","background-position":"center center","background-size":"auto","background-attachment":"scroll","background-type":"","background-media":"","overlay-type":"","overlay-color":"","overlay-opacity":"","overlay-gradient":""},"mobile":{"background-color":"var(--ast-global-color-5)","background-image":"","background-repeat":"repeat","background-position":"center center","background-size":"auto","background-attachment":"scroll","background-type":"","background-media":"","overlay-type":"","overlay-color":"","overlay-opacity":"","overlay-gradient":""}}},"product_brand":[],"product_cat":[17,37],"product_tag":[],"class_list":{"0":"post-2331","1":"product","2":"type-product","3":"status-publish","4":"has-post-thumbnail","6":"product_cat-new-products","7":"product_cat-portable-water-flosser","8":"desktop-align-left","9":"tablet-align-left","10":"mobile-align-left","12":"first","13":"instock","14":"shipping-taxable","15":"product-type-simple"},"yoast_head":"<!-- This site is optimized with the Yoast SEO plugin v27.2 - https:\/\/yoast.com\/product\/yoast-seo-wordpress\/ -->\n<title>F001 Portable Water Flosser - TluckyOralcare<\/title>\n<meta name=\"robots\" content=\"index, follow, max-snippet:-1, max-image-preview:large, max-video-preview:-1\" \/>\n<link rel=\"canonical\" href=\"https:\/\/tluckyoralcare.com\/es\/producto\/f001-portable-water-flosser\/\" \/>\n<meta property=\"og:locale\" content=\"es_ES\" \/>\n<meta property=\"og:type\" content=\"article\" \/>\n<meta property=\"og:title\" content=\"F001 Portable Water Flosser - TluckyOralcare\" \/>\n<meta property=\"og:description\" content=\"Self-developed water pump and structure (patented technology), leak-proof, energy-saving and longer-lasting.  120-second automatic shut-off, anti-dry-burning safety design. Memory function automatically records and retains the last used mode.  IPX7 waterproof design, noise level \u226475dB (maximum setting).  Multiple modes: Soft\/Strong\/Pulse\/DIY; 350ml large water tank for easy cleaning, 360-degree rotation for thorough teeth cleaning.  Colors\/Packaging\/Logo\/Designs can be customized.\" \/>\n<meta property=\"og:url\" content=\"https:\/\/tluckyoralcare.com\/es\/producto\/f001-portable-water-flosser\/\" \/>\n<meta property=\"og:site_name\" content=\"TluckyOralcare\" \/>\n<meta property=\"article:modified_time\" content=\"2026-03-11T14:29:28+00:00\" \/>\n<meta property=\"og:image\" content=\"https:\/\/tluckyoralcare.com\/wp-content\/uploads\/2026\/02\/sh-f001-handheld-water-flosser-202602262.jpg\" \/>\n\t<meta property=\"og:image:width\" content=\"1000\" \/>\n\t<meta property=\"og:image:height\" content=\"1000\" \/>\n\t<meta property=\"og:image:type\" content=\"image\/jpeg\" \/>\n<meta name=\"twitter:card\" content=\"summary_large_image\" \/>\n<meta name=\"twitter:label1\" content=\"Tiempo de lectura\" \/>\n\t<meta name=\"twitter:data1\" content=\"2 minutos\" \/>\n<script type=\"application\/ld+json\" class=\"yoast-schema-graph\">{\"@context\":\"https:\/\/schema.org\",\"@graph\":[{\"@type\":\"WebPage\",\"@id\":\"https:\/\/tluckyoralcare.com\/product\/f001-portable-water-flosser\/\",\"url\":\"https:\/\/tluckyoralcare.com\/product\/f001-portable-water-flosser\/\",\"name\":\"F001 Portable Water Flosser - TluckyOralcare\",\"isPartOf\":{\"@id\":\"https:\/\/tluckyoralcare.com\/#website\"},\"primaryImageOfPage\":{\"@id\":\"https:\/\/tluckyoralcare.com\/product\/f001-portable-water-flosser\/#primaryimage\"},\"image\":{\"@id\":\"https:\/\/tluckyoralcare.com\/product\/f001-portable-water-flosser\/#primaryimage\"},\"thumbnailUrl\":\"https:\/\/tluckyoralcare.com\/wp-content\/uploads\/2026\/02\/sh-f001-handheld-water-flosser-202602262.jpg\",\"datePublished\":\"2026-02-03T12:13:19+00:00\",\"dateModified\":\"2026-03-11T14:29:28+00:00\",\"breadcrumb\":{\"@id\":\"https:\/\/tluckyoralcare.com\/product\/f001-portable-water-flosser\/#breadcrumb\"},\"inLanguage\":\"es\",\"potentialAction\":[{\"@type\":\"ReadAction\",\"target\":[\"https:\/\/tluckyoralcare.com\/product\/f001-portable-water-flosser\/\"]}]},{\"@type\":\"ImageObject\",\"inLanguage\":\"es\",\"@id\":\"https:\/\/tluckyoralcare.com\/product\/f001-portable-water-flosser\/#primaryimage\",\"url\":\"https:\/\/tluckyoralcare.com\/wp-content\/uploads\/2026\/02\/sh-f001-handheld-water-flosser-202602262.jpg\",\"contentUrl\":\"https:\/\/tluckyoralcare.com\/wp-content\/uploads\/2026\/02\/sh-f001-handheld-water-flosser-202602262.jpg\",\"width\":1000,\"height\":1000,\"caption\":\"Sh F001 Handheld Water Flosser\"},{\"@type\":\"BreadcrumbList\",\"@id\":\"https:\/\/tluckyoralcare.com\/product\/f001-portable-water-flosser\/#breadcrumb\",\"itemListElement\":[{\"@type\":\"ListItem\",\"position\":1,\"name\":\"Homepage\",\"item\":\"https:\/\/tluckyoralcare.com\/\"},{\"@type\":\"ListItem\",\"position\":2,\"name\":\"\u4ea7\u54c1\",\"item\":\"https:\/\/tluckyoralcare.com\/shop__trashed\/\"},{\"@type\":\"ListItem\",\"position\":3,\"name\":\"F001 Portable Water Flosser\"}]},{\"@type\":\"WebSite\",\"@id\":\"https:\/\/tluckyoralcare.com\/#website\",\"url\":\"https:\/\/tluckyoralcare.com\/\",\"name\":\"TluckyOralcare\",\"description\":\"Water Flosser Supplier\",\"publisher\":{\"@id\":\"https:\/\/tluckyoralcare.com\/#organization\"},\"potentialAction\":[{\"@type\":\"SearchAction\",\"target\":{\"@type\":\"EntryPoint\",\"urlTemplate\":\"https:\/\/tluckyoralcare.com\/?s={search_term_string}\"},\"query-input\":{\"@type\":\"PropertyValueSpecification\",\"valueRequired\":true,\"valueName\":\"search_term_string\"}}],\"inLanguage\":\"es\"},{\"@type\":\"Organization\",\"@id\":\"https:\/\/tluckyoralcare.com\/#organization\",\"name\":\"TluckyOralcare\",\"url\":\"https:\/\/tluckyoralcare.com\/\",\"logo\":{\"@type\":\"ImageObject\",\"inLanguage\":\"es\",\"@id\":\"https:\/\/tluckyoralcare.com\/#\/schema\/logo\/image\/\",\"url\":\"https:\/\/tluckyoralcare.com\/wp-content\/uploads\/2026\/01\/tluckyoralcare-logo.png\",\"contentUrl\":\"https:\/\/tluckyoralcare.com\/wp-content\/uploads\/2026\/01\/tluckyoralcare-logo.png\",\"width\":512,\"height\":512,\"caption\":\"TluckyOralcare\"},\"image\":{\"@id\":\"https:\/\/tluckyoralcare.com\/#\/schema\/logo\/image\/\"}}]}<\/script>\n<!-- \/ Yoast SEO plugin. -->","yoast_head_json":{"title":"F001 Portable Water Flosser - TluckyOralcare","robots":{"index":"index","follow":"follow","max-snippet":"max-snippet:-1","max-image-preview":"max-image-preview:large","max-video-preview":"max-video-preview:-1"},"canonical":"https:\/\/tluckyoralcare.com\/es\/producto\/f001-portable-water-flosser\/","og_locale":"es_ES","og_type":"article","og_title":"F001 Portable Water Flosser - TluckyOralcare","og_description":"Self-developed water pump and structure (patented technology), leak-proof, energy-saving and longer-lasting.  120-second automatic shut-off, anti-dry-burning safety design. Memory function automatically records and retains the last used mode.  IPX7 waterproof design, noise level \u226475dB (maximum setting).  Multiple modes: Soft\/Strong\/Pulse\/DIY; 350ml large water tank for easy cleaning, 360-degree rotation for thorough teeth cleaning.  Colors\/Packaging\/Logo\/Designs can be customized.","og_url":"https:\/\/tluckyoralcare.com\/es\/producto\/f001-portable-water-flosser\/","og_site_name":"TluckyOralcare","article_modified_time":"2026-03-11T14:29:28+00:00","og_image":[{"width":1000,"height":1000,"url":"https:\/\/tluckyoralcare.com\/wp-content\/uploads\/2026\/02\/sh-f001-handheld-water-flosser-202602262.jpg","type":"image\/jpeg"}],"twitter_card":"summary_large_image","twitter_misc":{"Tiempo de lectura":"2 minutos"},"schema":{"@context":"https:\/\/schema.org","@graph":[{"@type":"WebPage","@id":"https:\/\/tluckyoralcare.com\/product\/f001-portable-water-flosser\/","url":"https:\/\/tluckyoralcare.com\/product\/f001-portable-water-flosser\/","name":"F001 Portable Water Flosser - TluckyOralcare","isPartOf":{"@id":"https:\/\/tluckyoralcare.com\/#website"},"primaryImageOfPage":{"@id":"https:\/\/tluckyoralcare.com\/product\/f001-portable-water-flosser\/#primaryimage"},"image":{"@id":"https:\/\/tluckyoralcare.com\/product\/f001-portable-water-flosser\/#primaryimage"},"thumbnailUrl":"https:\/\/tluckyoralcare.com\/wp-content\/uploads\/2026\/02\/sh-f001-handheld-water-flosser-202602262.jpg","datePublished":"2026-02-03T12:13:19+00:00","dateModified":"2026-03-11T14:29:28+00:00","breadcrumb":{"@id":"https:\/\/tluckyoralcare.com\/product\/f001-portable-water-flosser\/#breadcrumb"},"inLanguage":"es","potentialAction":[{"@type":"ReadAction","target":["https:\/\/tluckyoralcare.com\/product\/f001-portable-water-flosser\/"]}]},{"@type":"ImageObject","inLanguage":"es","@id":"https:\/\/tluckyoralcare.com\/product\/f001-portable-water-flosser\/#primaryimage","url":"https:\/\/tluckyoralcare.com\/wp-content\/uploads\/2026\/02\/sh-f001-handheld-water-flosser-202602262.jpg","contentUrl":"https:\/\/tluckyoralcare.com\/wp-content\/uploads\/2026\/02\/sh-f001-handheld-water-flosser-202602262.jpg","width":1000,"height":1000,"caption":"Sh F001 Handheld Water Flosser"},{"@type":"BreadcrumbList","@id":"https:\/\/tluckyoralcare.com\/product\/f001-portable-water-flosser\/#breadcrumb","itemListElement":[{"@type":"ListItem","position":1,"name":"Homepage","item":"https:\/\/tluckyoralcare.com\/"},{"@type":"ListItem","position":2,"name":"\u4ea7\u54c1","item":"https:\/\/tluckyoralcare.com\/shop__trashed\/"},{"@type":"ListItem","position":3,"name":"F001 Portable Water Flosser"}]},{"@type":"WebSite","@id":"https:\/\/tluckyoralcare.com\/#website","url":"https:\/\/tluckyoralcare.com\/","name":"TluckyOralcare","description":"Proveedor de hilo dental","publisher":{"@id":"https:\/\/tluckyoralcare.com\/#organization"},"potentialAction":[{"@type":"SearchAction","target":{"@type":"EntryPoint","urlTemplate":"https:\/\/tluckyoralcare.com\/?s={search_term_string}"},"query-input":{"@type":"PropertyValueSpecification","valueRequired":true,"valueName":"search_term_string"}}],"inLanguage":"es"},{"@type":"Organization","@id":"https:\/\/tluckyoralcare.com\/#organization","name":"TluckyOralcare","url":"https:\/\/tluckyoralcare.com\/","logo":{"@type":"ImageObject","inLanguage":"es","@id":"https:\/\/tluckyoralcare.com\/#\/schema\/logo\/image\/","url":"https:\/\/tluckyoralcare.com\/wp-content\/uploads\/2026\/01\/tluckyoralcare-logo.png","contentUrl":"https:\/\/tluckyoralcare.com\/wp-content\/uploads\/2026\/01\/tluckyoralcare-logo.png","width":512,"height":512,"caption":"TluckyOralcare"},"image":{"@id":"https:\/\/tluckyoralcare.com\/#\/schema\/logo\/image\/"}}]}},"_links":{"self":[{"href":"https:\/\/tluckyoralcare.com\/es\/wp-json\/wp\/v2\/product\/2331","targetHints":{"allow":["GET"]}}],"collection":[{"href":"https:\/\/tluckyoralcare.com\/es\/wp-json\/wp\/v2\/product"}],"about":[{"href":"https:\/\/tluckyoralcare.com\/es\/wp-json\/wp\/v2\/types\/product"}],"replies":[{"embeddable":true,"href":"https:\/\/tluckyoralcare.com\/es\/wp-json\/wp\/v2\/comments?post=2331"}],"wp:featuredmedia":[{"embeddable":true,"href":"https:\/\/tluckyoralcare.com\/es\/wp-json\/wp\/v2\/media\/2553"}],"wp:attachment":[{"href":"https:\/\/tluckyoralcare.com\/es\/wp-json\/wp\/v2\/media?parent=2331"}],"wp:term":[{"taxonomy":"product_brand","embeddable":true,"href":"https:\/\/tluckyoralcare.com\/es\/wp-json\/wp\/v2\/product_brand?post=2331"},{"taxonomy":"product_cat","embeddable":true,"href":"https:\/\/tluckyoralcare.com\/es\/wp-json\/wp\/v2\/product_cat?post=2331"},{"taxonomy":"product_tag","embeddable":true,"href":"https:\/\/tluckyoralcare.com\/es\/wp-json\/wp\/v2\/product_tag?post=2331"}],"curies":[{"name":"wp","href":"https:\/\/api.w.org\/{rel}","templated":true}]}}