{"id":2305,"date":"2026-02-03T11:41:23","date_gmt":"2026-02-03T03:41:23","guid":{"rendered":"https:\/\/tluckyoralcare.com\/?post_type=product&#038;p=2305"},"modified":"2026-03-11T22:29:41","modified_gmt":"2026-03-11T14:29:41","slug":"f001-black-portable-water-flosser","status":"publish","type":"product","link":"https:\/\/tluckyoralcare.com\/fr\/product\/f001-black-portable-water-flosser\/","title":{"rendered":"F001 Filtre \u00e0 eau portable"},"content":{"rendered":"<p><strong>Sp\u00e9cifications \/ Param\u00e8tres<\/strong><\/p>\n<p>Mod\u00e8le : F001<\/p>\n<p>Mat\u00e9riau : PC + ABS<\/p>\n<p>Capacit\u00e9 du r\u00e9servoir d'eau : 350ml<\/p>\n<p>Pression de l'eau : 50-120 PSI<\/p>\n<p>R\u00e9sistance \u00e0 l'eau : IPX7<\/p>\n<p>Fr\u00e9quence des impulsions : 1600 impulsions\/min<\/p>\n<p>Port de charge : Type-C<\/p>\n<p>Niveau de bruit : \u226475dB (en mode maximum)<\/p>\n<p>Temps de charge : Environ 4 heures<\/p>\n<p>Modes : Doux \/ Standard \/ Impulsion \/ Bricolage<\/p>\n<p>Tension nominale \/ puissance : 5V \/ 7W<\/p>\n<p>Batterie : 1800mAh \/ 3.7V<\/p>\n<p>Dur\u00e9e de vie de la batterie : \u226560 jours (sur la base de 2 minutes par utilisation)<\/p>\n<p>Poids du produit et de l'emballage : 310g<\/p>\n<p>Configuration des buses : Buse standard \u00d71 + Buse orthodontique \u00d71 + Buse racle-langue \u00d71<\/p>\n<p>Dimensions du produit : 225 \u00d7 70 \u00d7 70 mm (sans la hauteur de la buse)<\/p>\n<p>Poids net : 300g \u00b15g<\/p>\n<p>Bo\u00eete cadeau Dimensions : 250 \u00d7 110 \u00d7 95 mm<\/p>\n<p>Taille du carton : 550 \u00d7 300 \u00d7 260 mm<\/p>\n<p>Quantit\u00e9 par carton : 15 pcs\/carton<\/p>\n<p>Certifications : FCC \/ CE \/ RoHS \/ IPX7 \/ KC + Brevet de conception<\/p>","protected":false},"excerpt":{"rendered":"<ul>\n<li>Pompe \u00e0 eau et structure auto-d\u00e9velopp\u00e9es (technologie brevet\u00e9e), \u00e9tanches, \u00e9conomes en \u00e9nergie et durables.<\/li>\n<li>Arr\u00eat automatique en 120 secondes, conception de s\u00e9curit\u00e9 anti-br\u00fblure s\u00e8che. La fonction m\u00e9moire enregistre et conserve automatiquement le dernier mode utilis\u00e9.<\/li>\n<li>Conception \u00e9tanche IPX7, niveau de bruit \u226475dB (r\u00e9glage maximum).<\/li>\n<li>Plusieurs modes : Doux\/Strong\/Pulse\/DIY ; grand r\u00e9servoir d'eau de 350 ml pour un nettoyage facile, rotation \u00e0 360 degr\u00e9s pour un nettoyage complet des dents.<\/li>\n<li>Les couleurs\/emballages\/logo\/dessins peuvent \u00eatre personnalis\u00e9s.<\/li>\n<\/ul>","protected":false},"featured_media":2556,"comment_status":"open","ping_status":"closed","template":"","meta":{"site-sidebar-layout":"default","site-content-layout":"","ast-site-content-layout":"default","site-content-style":"default","site-sidebar-style":"default","ast-global-header-display":"","ast-banner-title-visibility":"","ast-main-header-display":"","ast-hfb-above-header-display":"","ast-hfb-below-header-display":"","ast-hfb-mobile-header-display":"","site-post-title":"","ast-breadcrumbs-content":"","ast-featured-img":"","footer-sml-layout":"","ast-disable-related-posts":"","theme-transparent-header-meta":"default","adv-header-id-meta":"","stick-header-meta":"","header-above-stick-meta":"","header-main-stick-meta":"","header-below-stick-meta":"","astra-migrate-meta-layouts":"set","ast-page-background-enabled":"default","ast-page-background-meta":{"desktop":{"background-color":"","background-image":"","background-repeat":"repeat","background-position":"center center","background-size":"auto","background-attachment":"scroll","background-type":"","background-media":"","overlay-type":"","overlay-color":"","overlay-opacity":"","overlay-gradient":""},"tablet":{"background-color":"","background-image":"","background-repeat":"repeat","background-position":"center center","background-size":"auto","background-attachment":"scroll","background-type":"","background-media":"","overlay-type":"","overlay-color":"","overlay-opacity":"","overlay-gradient":""},"mobile":{"background-color":"","background-image":"","background-repeat":"repeat","background-position":"center center","background-size":"auto","background-attachment":"scroll","background-type":"","background-media":"","overlay-type":"","overlay-color":"","overlay-opacity":"","overlay-gradient":""}},"ast-content-background-meta":{"desktop":{"background-color":"var(--ast-global-color-5)","background-image":"","background-repeat":"repeat","background-position":"center center","background-size":"auto","background-attachment":"scroll","background-type":"","background-media":"","overlay-type":"","overlay-color":"","overlay-opacity":"","overlay-gradient":""},"tablet":{"background-color":"var(--ast-global-color-5)","background-image":"","background-repeat":"repeat","background-position":"center center","background-size":"auto","background-attachment":"scroll","background-type":"","background-media":"","overlay-type":"","overlay-color":"","overlay-opacity":"","overlay-gradient":""},"mobile":{"background-color":"var(--ast-global-color-5)","background-image":"","background-repeat":"repeat","background-position":"center center","background-size":"auto","background-attachment":"scroll","background-type":"","background-media":"","overlay-type":"","overlay-color":"","overlay-opacity":"","overlay-gradient":""}}},"product_brand":[],"product_cat":[17,37],"product_tag":[],"class_list":{"0":"post-2305","1":"product","2":"type-product","3":"status-publish","4":"has-post-thumbnail","6":"product_cat-new-products","7":"product_cat-portable-water-flosser","8":"desktop-align-left","9":"tablet-align-left","10":"mobile-align-left","12":"first","13":"instock","14":"shipping-taxable","15":"product-type-simple"},"yoast_head":"<!-- This site is optimized with the Yoast SEO plugin v27.2 - https:\/\/yoast.com\/product\/yoast-seo-wordpress\/ -->\n<title>F001 Portable Water Flosser - TluckyOralcare<\/title>\n<meta name=\"description\" content=\"elf-developed water pump and structure (patented technology), leak-proof, energy-saving and longer-lasting.\" \/>\n<meta name=\"robots\" content=\"index, follow, max-snippet:-1, max-image-preview:large, max-video-preview:-1\" \/>\n<link rel=\"canonical\" href=\"https:\/\/tluckyoralcare.com\/fr\/product\/f001-black-portable-water-flosser\/\" \/>\n<meta property=\"og:locale\" content=\"fr_FR\" \/>\n<meta property=\"og:type\" content=\"article\" \/>\n<meta property=\"og:title\" content=\"F001 Portable Water Flosser - TluckyOralcare\" \/>\n<meta property=\"og:description\" content=\"elf-developed water pump and structure (patented technology), leak-proof, energy-saving and longer-lasting.\" \/>\n<meta property=\"og:url\" content=\"https:\/\/tluckyoralcare.com\/fr\/product\/f001-black-portable-water-flosser\/\" \/>\n<meta property=\"og:site_name\" content=\"TluckyOralcare\" \/>\n<meta property=\"article:modified_time\" content=\"2026-03-11T14:29:41+00:00\" \/>\n<meta property=\"og:image\" content=\"https:\/\/tluckyoralcare.com\/wp-content\/uploads\/2026\/02\/sh-x6-handheld-water-flosser-20260226.jpg\" \/>\n\t<meta property=\"og:image:width\" content=\"1000\" \/>\n\t<meta property=\"og:image:height\" content=\"1000\" \/>\n\t<meta property=\"og:image:type\" content=\"image\/jpeg\" \/>\n<meta name=\"twitter:card\" content=\"summary_large_image\" \/>\n<meta name=\"twitter:label1\" content=\"Est. reading time\" \/>\n\t<meta name=\"twitter:data1\" content=\"1 minute\" \/>\n<script type=\"application\/ld+json\" class=\"yoast-schema-graph\">{\"@context\":\"https:\/\/schema.org\",\"@graph\":[{\"@type\":\"WebPage\",\"@id\":\"https:\/\/tluckyoralcare.com\/product\/f001-black-portable-water-flosser\/\",\"url\":\"https:\/\/tluckyoralcare.com\/product\/f001-black-portable-water-flosser\/\",\"name\":\"F001 Portable Water Flosser - TluckyOralcare\",\"isPartOf\":{\"@id\":\"https:\/\/tluckyoralcare.com\/#website\"},\"primaryImageOfPage\":{\"@id\":\"https:\/\/tluckyoralcare.com\/product\/f001-black-portable-water-flosser\/#primaryimage\"},\"image\":{\"@id\":\"https:\/\/tluckyoralcare.com\/product\/f001-black-portable-water-flosser\/#primaryimage\"},\"thumbnailUrl\":\"https:\/\/tluckyoralcare.com\/wp-content\/uploads\/2026\/02\/sh-x6-handheld-water-flosser-20260226.jpg\",\"datePublished\":\"2026-02-03T03:41:23+00:00\",\"dateModified\":\"2026-03-11T14:29:41+00:00\",\"description\":\"elf-developed water pump and structure (patented technology), leak-proof, energy-saving and longer-lasting.\",\"breadcrumb\":{\"@id\":\"https:\/\/tluckyoralcare.com\/product\/f001-black-portable-water-flosser\/#breadcrumb\"},\"inLanguage\":\"fr-FR\",\"potentialAction\":[{\"@type\":\"ReadAction\",\"target\":[\"https:\/\/tluckyoralcare.com\/product\/f001-black-portable-water-flosser\/\"]}]},{\"@type\":\"ImageObject\",\"inLanguage\":\"fr-FR\",\"@id\":\"https:\/\/tluckyoralcare.com\/product\/f001-black-portable-water-flosser\/#primaryimage\",\"url\":\"https:\/\/tluckyoralcare.com\/wp-content\/uploads\/2026\/02\/sh-x6-handheld-water-flosser-20260226.jpg\",\"contentUrl\":\"https:\/\/tluckyoralcare.com\/wp-content\/uploads\/2026\/02\/sh-x6-handheld-water-flosser-20260226.jpg\",\"width\":1000,\"height\":1000,\"caption\":\"Sh X6 Handheld Water Flosser\"},{\"@type\":\"BreadcrumbList\",\"@id\":\"https:\/\/tluckyoralcare.com\/product\/f001-black-portable-water-flosser\/#breadcrumb\",\"itemListElement\":[{\"@type\":\"ListItem\",\"position\":1,\"name\":\"Homepage\",\"item\":\"https:\/\/tluckyoralcare.com\/\"},{\"@type\":\"ListItem\",\"position\":2,\"name\":\"\u4ea7\u54c1\",\"item\":\"https:\/\/tluckyoralcare.com\/shop__trashed\/\"},{\"@type\":\"ListItem\",\"position\":3,\"name\":\"F001 Portable Water Flosser\"}]},{\"@type\":\"WebSite\",\"@id\":\"https:\/\/tluckyoralcare.com\/#website\",\"url\":\"https:\/\/tluckyoralcare.com\/\",\"name\":\"TluckyOralcare\",\"description\":\"Water Flosser Supplier\",\"publisher\":{\"@id\":\"https:\/\/tluckyoralcare.com\/#organization\"},\"potentialAction\":[{\"@type\":\"SearchAction\",\"target\":{\"@type\":\"EntryPoint\",\"urlTemplate\":\"https:\/\/tluckyoralcare.com\/?s={search_term_string}\"},\"query-input\":{\"@type\":\"PropertyValueSpecification\",\"valueRequired\":true,\"valueName\":\"search_term_string\"}}],\"inLanguage\":\"fr-FR\"},{\"@type\":\"Organization\",\"@id\":\"https:\/\/tluckyoralcare.com\/#organization\",\"name\":\"TluckyOralcare\",\"url\":\"https:\/\/tluckyoralcare.com\/\",\"logo\":{\"@type\":\"ImageObject\",\"inLanguage\":\"fr-FR\",\"@id\":\"https:\/\/tluckyoralcare.com\/#\/schema\/logo\/image\/\",\"url\":\"https:\/\/tluckyoralcare.com\/wp-content\/uploads\/2026\/01\/tluckyoralcare-logo.png\",\"contentUrl\":\"https:\/\/tluckyoralcare.com\/wp-content\/uploads\/2026\/01\/tluckyoralcare-logo.png\",\"width\":512,\"height\":512,\"caption\":\"TluckyOralcare\"},\"image\":{\"@id\":\"https:\/\/tluckyoralcare.com\/#\/schema\/logo\/image\/\"}}]}<\/script>\n<!-- \/ Yoast SEO plugin. -->","yoast_head_json":{"title":"F001 Portable Water Flosser - TluckyOralcare","description":"elf-developed water pump and structure (patented technology), leak-proof, energy-saving and longer-lasting.","robots":{"index":"index","follow":"follow","max-snippet":"max-snippet:-1","max-image-preview":"max-image-preview:large","max-video-preview":"max-video-preview:-1"},"canonical":"https:\/\/tluckyoralcare.com\/fr\/product\/f001-black-portable-water-flosser\/","og_locale":"fr_FR","og_type":"article","og_title":"F001 Portable Water Flosser - TluckyOralcare","og_description":"elf-developed water pump and structure (patented technology), leak-proof, energy-saving and longer-lasting.","og_url":"https:\/\/tluckyoralcare.com\/fr\/product\/f001-black-portable-water-flosser\/","og_site_name":"TluckyOralcare","article_modified_time":"2026-03-11T14:29:41+00:00","og_image":[{"width":1000,"height":1000,"url":"https:\/\/tluckyoralcare.com\/wp-content\/uploads\/2026\/02\/sh-x6-handheld-water-flosser-20260226.jpg","type":"image\/jpeg"}],"twitter_card":"summary_large_image","twitter_misc":{"Est. reading time":"1 minute"},"schema":{"@context":"https:\/\/schema.org","@graph":[{"@type":"WebPage","@id":"https:\/\/tluckyoralcare.com\/product\/f001-black-portable-water-flosser\/","url":"https:\/\/tluckyoralcare.com\/product\/f001-black-portable-water-flosser\/","name":"F001 Portable Water Flosser - TluckyOralcare","isPartOf":{"@id":"https:\/\/tluckyoralcare.com\/#website"},"primaryImageOfPage":{"@id":"https:\/\/tluckyoralcare.com\/product\/f001-black-portable-water-flosser\/#primaryimage"},"image":{"@id":"https:\/\/tluckyoralcare.com\/product\/f001-black-portable-water-flosser\/#primaryimage"},"thumbnailUrl":"https:\/\/tluckyoralcare.com\/wp-content\/uploads\/2026\/02\/sh-x6-handheld-water-flosser-20260226.jpg","datePublished":"2026-02-03T03:41:23+00:00","dateModified":"2026-03-11T14:29:41+00:00","description":"elf-developed water pump and structure (patented technology), leak-proof, energy-saving and longer-lasting.","breadcrumb":{"@id":"https:\/\/tluckyoralcare.com\/product\/f001-black-portable-water-flosser\/#breadcrumb"},"inLanguage":"fr-FR","potentialAction":[{"@type":"ReadAction","target":["https:\/\/tluckyoralcare.com\/product\/f001-black-portable-water-flosser\/"]}]},{"@type":"ImageObject","inLanguage":"fr-FR","@id":"https:\/\/tluckyoralcare.com\/product\/f001-black-portable-water-flosser\/#primaryimage","url":"https:\/\/tluckyoralcare.com\/wp-content\/uploads\/2026\/02\/sh-x6-handheld-water-flosser-20260226.jpg","contentUrl":"https:\/\/tluckyoralcare.com\/wp-content\/uploads\/2026\/02\/sh-x6-handheld-water-flosser-20260226.jpg","width":1000,"height":1000,"caption":"Sh X6 Handheld Water Flosser"},{"@type":"BreadcrumbList","@id":"https:\/\/tluckyoralcare.com\/product\/f001-black-portable-water-flosser\/#breadcrumb","itemListElement":[{"@type":"ListItem","position":1,"name":"Homepage","item":"https:\/\/tluckyoralcare.com\/"},{"@type":"ListItem","position":2,"name":"\u4ea7\u54c1","item":"https:\/\/tluckyoralcare.com\/shop__trashed\/"},{"@type":"ListItem","position":3,"name":"F001 Portable Water Flosser"}]},{"@type":"WebSite","@id":"https:\/\/tluckyoralcare.com\/#website","url":"https:\/\/tluckyoralcare.com\/","name":"TluckyOralcare","description":"Water Flosser Supplier","publisher":{"@id":"https:\/\/tluckyoralcare.com\/#organization"},"potentialAction":[{"@type":"SearchAction","target":{"@type":"EntryPoint","urlTemplate":"https:\/\/tluckyoralcare.com\/?s={search_term_string}"},"query-input":{"@type":"PropertyValueSpecification","valueRequired":true,"valueName":"search_term_string"}}],"inLanguage":"fr-FR"},{"@type":"Organization","@id":"https:\/\/tluckyoralcare.com\/#organization","name":"TluckyOralcare","url":"https:\/\/tluckyoralcare.com\/","logo":{"@type":"ImageObject","inLanguage":"fr-FR","@id":"https:\/\/tluckyoralcare.com\/#\/schema\/logo\/image\/","url":"https:\/\/tluckyoralcare.com\/wp-content\/uploads\/2026\/01\/tluckyoralcare-logo.png","contentUrl":"https:\/\/tluckyoralcare.com\/wp-content\/uploads\/2026\/01\/tluckyoralcare-logo.png","width":512,"height":512,"caption":"TluckyOralcare"},"image":{"@id":"https:\/\/tluckyoralcare.com\/#\/schema\/logo\/image\/"}}]}},"_links":{"self":[{"href":"https:\/\/tluckyoralcare.com\/fr\/wp-json\/wp\/v2\/product\/2305","targetHints":{"allow":["GET"]}}],"collection":[{"href":"https:\/\/tluckyoralcare.com\/fr\/wp-json\/wp\/v2\/product"}],"about":[{"href":"https:\/\/tluckyoralcare.com\/fr\/wp-json\/wp\/v2\/types\/product"}],"replies":[{"embeddable":true,"href":"https:\/\/tluckyoralcare.com\/fr\/wp-json\/wp\/v2\/comments?post=2305"}],"wp:featuredmedia":[{"embeddable":true,"href":"https:\/\/tluckyoralcare.com\/fr\/wp-json\/wp\/v2\/media\/2556"}],"wp:attachment":[{"href":"https:\/\/tluckyoralcare.com\/fr\/wp-json\/wp\/v2\/media?parent=2305"}],"wp:term":[{"taxonomy":"product_brand","embeddable":true,"href":"https:\/\/tluckyoralcare.com\/fr\/wp-json\/wp\/v2\/product_brand?post=2305"},{"taxonomy":"product_cat","embeddable":true,"href":"https:\/\/tluckyoralcare.com\/fr\/wp-json\/wp\/v2\/product_cat?post=2305"},{"taxonomy":"product_tag","embeddable":true,"href":"https:\/\/tluckyoralcare.com\/fr\/wp-json\/wp\/v2\/product_tag?post=2305"}],"curies":[{"name":"wp","href":"https:\/\/api.w.org\/{rel}","templated":true}]}}